{"id":82,"date":"2022-03-24T10:06:23","date_gmt":"2022-03-24T09:06:23","guid":{"rendered":"https:\/\/doerverden-hilft.de\/?page_id=82"},"modified":"2023-01-30T12:58:40","modified_gmt":"2023-01-30T11:58:40","slug":"zusammen-fuer-gefluechtete","status":"publish","type":"page","link":"https:\/\/doerverden-hilft.de\/uk\/","title":{"rendered":"\u041f\u0456\u0434\u0442\u0440\u0438\u043c\u043a\u0430 \u043c\u0456\u0441\u0446\u0435\u0432\u0438\u0445 \u0436\u0438\u0442\u0435\u043b\u0456\u0432 \u0434\u043b\u044f \u0432\u0430\u0441"},"content":{"rendered":"<p id=\"oben\">\u0428\u0430\u043d\u043e\u0432\u043d\u0456 \u0433\u043e\u0441\u0442\u0456,\n\u043b\u0430\u0441\u043a\u0430\u0432\u043e \u043f\u0440\u043e\u0441\u0438\u043c\u043e \u0434\u043e \u0414\u044c\u043e\u0440\u0432\u0435\u0440\u0434\u0435\u043d\u0430. \u0411\u0430\u0433\u0430\u0442\u043e \u043b\u044e\u0434\u0435\u0439 \u0443 \u200b\u200b\u0414\u044c\u043e\u0440\u0432\u0435\u0440\u0434\u0435\u043d\u0456 \u0431\u0430\u0436\u0430\u044e\u0442\u044c \u043f\u0456\u0434\u0442\u0440\u0438\u043c\u0430\u0442\u0438 \u0432\u0430\u0441 \u0443 \u0446\u0435\u0439 \u0432\u0430\u0436\u043a\u0438\u0439 \u0447\u0430\u0441. \u0422\u0443\u0442 \u043c\u0438 \u043f\u0440\u0435\u0434\u0441\u0442\u0430\u0432\u043b\u044f\u0454\u043c\u043e \u043f\u0440\u043e\u043f\u043e\u0437\u0438\u0446\u0456\u0457 \u0442\u0430 \u0456\u043d\u0456\u0446\u0456\u0430\u0442\u0438\u0432\u0438 \u0432\u0456\u0434 \u043b\u044e\u0434\u0435\u0439, \u044f\u043a\u0456, \u0441\u043f\u043e\u0434\u0456\u0432\u0430\u0454\u043c\u043e\u0441\u044f, \u0442\u0440\u043e\u0445\u0438 \u043f\u043e\u043b\u0435\u0433\u0448\u0430\u0442\u044c \u0432\u0430\u0448\u0443 \u0441\u0438\u0442\u0443\u0430\u0446\u0456\u044e.\n\u0421\u043f\u0456\u043b\u043a\u0443\u0432\u0430\u043d\u043d\u044f \u043f\u043e \u0442\u0435\u043b\u0435\u0444\u043e\u043d\u0443 \u0437\u0434\u0456\u0439\u0441\u043d\u044e\u0454\u0442\u044c\u0441\u044f \u043b\u0438\u0448\u0435 \u043d\u0456\u043c\u0435\u0446\u044c\u043a\u043e\u044e \u043c\u043e\u0432\u043e\u044e, \u0430\u043b\u0435 \u0434\u043b\u044f \u0441\u043f\u0456\u043b\u043a\u0443\u0432\u0430\u043d\u043d\u044f \u0435\u043b\u0435\u043a\u0442\u0440\u043e\u043d\u043d\u043e\u044e \u043f\u043e\u0448\u0442\u043e\u044e \u0432\u0438 \u043c\u043e\u0436\u0435\u0442\u0435 \u043f\u0440\u0430\u0446\u044e\u0432\u0430\u0442\u0438 \u0437\u0430 \u0434\u043e\u043f\u043e\u043c\u043e\u0433\u043e\u044e \u0456\u043d\u0441\u0442\u0440\u0443\u043c\u0435\u043d\u0442\u0456\u0432 \u043f\u0435\u0440\u0435\u043a\u043b\u0430\u0434\u0443, \u0442\u0430\u043a\u0438\u0445 \u044f\u043a google translate, \u0442\u043e\u0436 \u0441\u043f\u043e\u0434\u0456\u0432\u0430\u0454\u043c\u043e\u0441\u044f, \u0446\u0435 \u043f\u0440\u0430\u0446\u044e\u0432\u0430\u0442\u0438\u043c\u0435 \u0434\u043e\u0431\u0440\u0435, \u043d\u0435\u0437\u0432\u0430\u0436\u0430\u044e\u0447\u0438 \u043d\u0430 \u043c\u043e\u0432\u043d\u0438\u0439 \u0431\u0430\u0440\u2019\u0454\u0440.<\/p>\n\n\n\n<p>\u0423 \u043a\u0430\u0432\u2019\u044f\u0440\u043d\u044f\u0445 \u0437\u0443\u0441\u0442\u0440\u0456\u0447\u0435\u0439 \u0437\u0430\u0432\u0436\u0434\u0438 \u0454 \u043b\u044e\u0434\u0438, \u044f\u043a\u0456 \u0440\u043e\u0437\u043c\u043e\u0432\u043b\u044f\u044e\u0442\u044c \u0443\u043a\u0440\u0430\u0457\u043d\u0441\u044c\u043a\u043e\u044e \u0447\u0438 \u0440\u043e\u0441\u0456\u0439\u0441\u044c\u043a\u043e\u044e \u0442\u0430 \u043d\u0456\u043c\u0435\u0446\u044c\u043a\u043e\u044e \u043c\u043e\u0432\u0430\u043c\u0438, \u0442\u0443\u0442 \u0432\u0438 \u043c\u043e\u0436\u0435\u0442\u0435 \u043e\u0442\u0440\u0438\u043c\u0430\u0442\u0438 \u043f\u0456\u0434\u0442\u0440\u0438\u043c\u043a\u0443 \u0432 \u043e\u0440\u0433\u0430\u043d\u0456\u0437\u0430\u0446\u0456\u0457 \u043f\u0440\u043e\u043f\u043e\u0437\u0438\u0446\u0456\u0439, \u043d\u0430\u0432\u0435\u0434\u0435\u043d\u0438\u0445 \u043d\u0438\u0436\u0447\u0435. \u0411\u0443\u0434\u044c \u043b\u0430\u0441\u043a\u0430, \u0437\u0432\u0435\u0440\u0442\u0430\u0439\u0442\u0435\u0441\u044f \u0434\u043e \u043d\u0430\u0441! <a href=\"mailto:info@doerverden-hilft.de\">info@doerverden-hilft.de<\/a>.<\/p>\n\n\n\n<p id=\"inhalt\">Inhalt<\/p>\n\n\n\n<p><a href=\"#begegnungs-cafe\" data-type=\"internal\" data-id=\"#begegnungs-cafe\">\u041a\u0430\u0444\u0435 \u0434\u043b\u044f \u0437\u0443\u0441\u0442\u0440\u0456\u0447\u0435\u0439 \u0443 Westen<\/a> <br><a href=\"#sprachcafe\" data-type=\"internal\" data-id=\"#sprachcafe\">\u041c\u043e\u0432\u043d\u0456 \u043a\u0430\u0444\u0435: \u0432\u0438\u0432\u0447\u0435\u043d\u043d\u044f \u043d\u0456\u043c\u0435\u0446\u044c\u043a\u043e\u0457 \u043c\u043e\u0432\u0438 \u0434\u043b\u044f<\/a><br><a href=\"#kinderkleidung-spielsachen\" data-type=\"internal\" data-id=\"#kinderkleidung-spielsachen\">\u043c\u0438 \u043d\u0430\u0434\u0456\u0448\u043b\u0435\u043c\u043e \u0437\u0430 \u0437\u0430\u043f\u0438\u0442\u043e\u043c \u043d\u0430 \u0430\u0434\u0440\u0435\u0441\u0443<\/a><br><a href=\"#erwachsenen-kleidung\" data-type=\"internal\" data-id=\"#erwachsenen-kleidung\">O\u0434\u044f\u0433 \u0434\u043b\u044f \u0434\u043e\u0440\u043e\u0441\u043b\u0438\u0445<\/a><br><a href=\"#schulranzen\" data-type=\"internal\" data-id=\"#schulranzen\">\u041d\u043e\u0432\u0456 \u0440\u0430\u043d\u0446\u0456 \u0434\u043b\u044f \u0448\u043a\u043e\u043b\u0438<\/a><br><a href=\"#obst-gemuese\" data-type=\"internal\" data-id=\"#obst-gemuese\">\u0424\u0440\u0443\u043a\u0442\u0438 \u0442\u0430 \u043e\u0432\u043e\u0447\u0456 \u044f\u043a \u0431\u043b\u0430\u0433\u043e\u0447\u0438\u043d\u043d\u0456\u0441\u0442\u044c<\/a><br><a href=\"#gutscheine-lebensmittel\" data-type=\"internal\" data-id=\"#gutscheine-lebensmittel\">\u041a\u0443\u043f\u043e\u043d\u0438 \u0434\u043b\u044f \u043f\u0440\u043e\u0434\u0443\u043a\u0442\u043e\u0432\u0438\u0445 \u043c\u0430\u0433\u0430\u0437\u0438\u043d\u0456\u0432<\/a><br><a href=\"#simkarten\" data-type=\"internal\" data-id=\"#simkarten\">\u0411\u0435\u0437\u043a\u043e\u0448\u0442\u043e\u0432\u043d\u0456 SIM-\u043a\u0430\u0440\u0442\u0438<\/a><\/p>\n\n\n\n<p><\/p>\n\n\n\n<h2 class=\"wp-block-heading\" id=\"begegnungs-cafe\">\u041a\u0430\u0444\u0435 \u0434\u043b\u044f \u0437\u0443\u0441\u0442\u0440\u0456\u0447\u0435\u0439 \u0443 Westen<\/h2>\n\n\n\n<p>Zur Zeit finden keine Begegnungs-Caf\u00e9s mehr statt. <br><\/p>\n\n\n\n<p><a href=\"#oben\">\u0414\u043e\u0433\u043e\u0440\u0438<\/a><\/p>\n\n\n\n<h2 class=\"wp-block-heading\" id=\"sprachcafe\">\u041c\u043e\u0432\u043d\u0456 \u043a\u0430\u0444\u0435: \u0432\u0438\u0432\u0447\u0435\u043d\u043d\u044f \u043d\u0456\u043c\u0435\u0446\u044c\u043a\u043e\u0457 \u043c\u043e\u0432\u0438 \u0434\u043b\u044f<\/h2>\n\n\n\n<p>\u0432\u0441\u0456\u0445 \u0429\u043e\u0432\u0456\u0432\u0442\u043e\u0440\u043a\u0430 \u0442\u0430 \u0447\u0435\u0442\u0432\u0435\u0440\u0433\u0430 \u0437 9:00 \u0434\u043e 11:00 \u0432 Amtshaus \u0443 \u0412\u0435\u0441\u0442\u0435\u043d\u0456 \u043f\u0440\u043e\u0445\u043e\u0434\u044f\u0442\u044c \u043c\u043e\u0432\u043d\u0456 \u043a\u0443\u0440\u0441\u0438 \u0434\u043b\u044f \u0432\u0438\u0432\u0447\u0435\u043d\u043d\u044f \u043d\u0456\u043c\u0435\u0446\u044c\u043a\u043e\u0457 \u043c\u043e\u0432\u0438. \u041f\u0440\u0430\u0446\u044e\u0454 \u0442\u0440\u043e\u0454 \u0432\u0447\u0438\u0442\u0435\u043b\u0456\u0432, \u044f\u043a\u0456 \u0437\u0430\u043b\u0435\u0436\u043d\u043e \u0432\u0456\u0434 \u0440\u0456\u0432\u043d\u044f \u0437\u043d\u0430\u043d\u044c \u043f\u0440\u0438\u0441\u0443\u0442\u043d\u0456\u0445 \u0443\u0442\u0432\u043e\u0440\u044e\u044e\u0442\u044c \u0440\u0456\u0437\u043d\u0456 \u043f\u0456\u0434\u0433\u0440\u0443\u043f\u0438, \u044f\u043a\u0456 \u043d\u0430\u0432\u0447\u0430\u044e\u0442\u044c\u0441\u044f \u043f\u0430\u0440\u0430\u043b\u0435\u043b\u044c\u043d\u043e \u0432 \u0440\u0456\u0437\u043d\u0438\u0445 \u043a\u0430\u0431\u0456\u043d\u0435\u0442\u0430\u0445.<\/p>\n\n\n\n<p>\u0412\u0438 \u043c\u043e\u0436\u0435\u0442\u0435 \u0432\u0437\u044f\u0442\u0438 \u0437 \u0441\u043e\u0431\u043e\u044e \u0434\u0456\u0442\u0435\u0439 (\u0437\u0430 \u043f\u043e\u0442\u0440\u0435\u0431\u0438 \u043c\u0438 \u043c\u043e\u0436\u0435\u043c\u043e \u043e\u0440\u0433\u0430\u043d\u0456\u0437\u0443\u0432\u0430\u0442\u0438 \u0432\u0438\u0445\u043e\u0432\u0430\u0442\u0435\u043b\u044f) <\/p>\n\n\n\n<p>\u041f\u043e\u0441\u043b\u0443\u0433\u0438 \u0432\u043e\u0434\u0456\u043d\u043d\u044f: \u0411\u0443\u043b\u043e \u0431 \u0447\u0443\u0434\u043e\u0432\u043e, \u044f\u043a\u0431\u0438 \u043b\u044e\u0434\u0438 \u043c\u043e\u0433\u043b\u0438 \u0437\u0432\u2019\u044f\u0437\u0430\u0442\u0438\u0441\u044f, \u044f\u043a\u0456 \u043c\u043e\u0433\u043b\u0438 \u0431 \u0432\u0456\u0434\u0432\u0435\u0437\u0442\u0438 \u0443\u0447\u043d\u0456\u0432 \u0437 \u043d\u0430\u0432\u043a\u043e\u043b\u0438\u0448\u043d\u0456\u0445 \u0440\u0430\u0439\u043e\u043d\u0456\u0432 \u0434\u043e \u043a\u043b\u0430\u0441\u0443!<\/p>\n\n\n\n<h2 class=\"wp-block-heading\" id=\"kinderkleidung-spielsachen\">\u043c\u0438 \u043d\u0430\u0434\u0456\u0448\u043b\u0435\u043c\u043e \u0437\u0430 \u0437\u0430\u043f\u0438\u0442\u043e\u043c \u043d\u0430 \u0430\u0434\u0440\u0435\u0441\u0443<\/h2>\n\n\n\n<p>\u0421\u043f\u043e\u0440\u0442\u0438\u0432\u043d\u0438\u0439 \u043a\u043b\u0443\u0431 \u0443 \u0432\u0435\u043b\u0438\u043a\u0456\u0439 \u043a\u0456\u043b\u044c\u043a\u043e\u0441\u0442\u0456 \u0437\u0456\u0431\u0440\u0430\u0432 \u0434\u0438\u0442\u044f\u0447\u0438\u0439 \u043e\u0434\u044f\u0433. \u041e\u0434\u044f\u0433 \u0440\u043e\u0437\u0441\u043e\u0440\u0442\u043e\u0432\u0430\u043d\u0438\u0439 \u0437\u0430 \u0440\u043e\u0437\u043c\u0456\u0440\u0430\u043c\u0438 \u0456 \u0434\u043e\u0441\u0442\u0430\u0432\u043b\u0435\u043d\u0438\u0439 \u0432 \u043a\u043e\u0440\u043e\u0431\u043a\u0430\u0445. \u041f\u0435\u0440\u0435\u0434\u0430\u0447\u0443 \u043e\u0440\u0433\u0430\u043d\u0456\u0437\u0443\u0454 \u0411\u044c\u044f\u043d\u043a\u0430 \u0414\u0456\u0440\u043a\u0441, \u0457\u0457 \u0442\u0435\u043b. <br><br>Die \u00dcbergabe organisiert Bianca Diercks, ihre Tel-Nr. geben wir auf Anfrage unter <a href=\"mailto:info@doerverden-hilft.de\">info@doerverden-hilft.de<\/a> (\u0430\u0431\u043e \u043f\u043e\u0433\u043e\u0432\u043e\u0440\u0456\u0442\u044c \u0437 \u043d\u0430\u043c\u0438 \u0431\u0435\u0437\u043f\u043e\u0441\u0435\u0440\u0435\u0434\u043d\u044c\u043e \u0432 \u043a\u0430\u0444\u0435 \u0434\u043b\u044f \u0437\u0443\u0441\u0442\u0440\u0456\u0447\u0435\u0439).<\/p>\n\n\n\n<p><a href=\"#oben\">\u0414\u043e\u0433\u043e\u0440\u0438<\/a><\/p>\n\n\n\n<h2 class=\"wp-block-heading\" id=\"erwachsenen-kleidung\">O\u0434\u044f\u0433 \u0434\u043b\u044f \u0434\u043e\u0440\u043e\u0441\u043b\u0438\u0445<\/h2>\n\n\n\n<p>\u0423 \u00ab\u0437\u0430\u0445\u0456\u0434\u043d\u0456\u0439 \u043a\u0456\u043c\u043d\u0430\u0442\u0456 \u043e\u0434\u044f\u0433\u0443\u00bb \u2014 \u043e\u0434\u044f\u0433 \u0434\u043b\u044f \u0434\u043e\u0440\u043e\u0441\u043b\u0438\u0445. \u0422\u0443\u0442 \u0431\u0456\u0436\u0435\u043d\u0446\u0456 \u043c\u043e\u0436\u0443\u0442\u044c \u043f\u0440\u0438\u0434\u0431\u0430\u0442\u0438 \u043e\u0434\u044f\u0433 \u0442\u0430 \u043f\u043e\u0441\u0442\u0456\u043b\u044c\u043d\u0443 \u0431\u0456\u043b\u0438\u0437\u043d\u0443 \u0449\u043e\u0441\u0435\u0440\u0435\u0434\u0438 \u0437 15:00 \u0434\u043e 17:00, \u0430 \u0432 \u0456\u043d\u0448\u0438\u0439 \u0447\u0430\u0441 \u0437\u0430 \u0434\u043e\u043c\u043e\u0432\u043b\u0435\u043d\u0456\u0441\u0442\u044e. \u0412\u0435\u0441\u044c \u0431\/\u0443 \u0442\u043e\u0432\u0430\u0440 \u0443 \u0432\u0456\u0434\u043c\u0456\u043d\u043d\u043e\u043c\u0443 \u0441\u0442\u0430\u043d\u0456. \u200b\u200b\u200b\u200b\u041f\u0435\u0440\u0448\u0430 \u00ab\u043f\u043e\u043a\u0443\u043f\u043a\u0430\u00bb \u0431\u0435\u0437\u043a\u043e\u0448\u0442\u043e\u0432\u043d\u0430, \u0437\u0430 \u043d\u0430\u0441\u0442\u0443\u043f\u043d\u0456 \"\u043f\u043e\u043a\u0443\u043f\u043a\u0438\" \u043d\u0435\u0432\u0435\u043b\u0438\u043a\u0443 \u0433\u0440\u043e\u0448\u043e\u0432\u0443.<\/p>\n\n\n\n<p>\u0417 \u043f\u0430\u043d\u0456 \u042e\u0444\u0435\u043c\u0456\u0454\u044e \u041b\u0435\u043a \u043c\u043e\u0436\u043d\u0430 \u0437\u0432\u2019\u044f\u0437\u0430\u0442\u0438\u0441\u044f \u0437 \u043f\u0438\u0442\u0430\u043d\u043d\u044f\u043c\u0438 \u0442\u0430 \u0434\u043e\u043c\u043e\u0432\u0438\u0442\u0438\u0441\u044f \u043f\u0440\u043e \u0447\u0430\u0441: <a href=\"tel:042391209\">04239 1209<\/a><br>\u0430\u0434\u0440\u0435\u0441\u0430: <a href=\"https:\/\/goo.gl\/maps\/D5xwNe3AsLHVYbDX6\" data-type=\"URL\" data-id=\"https:\/\/goo.gl\/maps\/D5xwNe3AsLHVYbDX6\" target=\"_blank\" rel=\"noreferrer noopener\">Allerstra\u00dfe 2\u200b\u200b\u200b\u200b\u200b\u200b\u200b, Ortsteil Westen<\/a><\/p>\n\n\n\n<p>\u041c\u0443\u043d\u0456\u0446\u0438\u043f\u0430\u043b\u0456\u0442\u0435\u0442 \u0425\u0435\u043d\u0456\u0448\u0430 \u0442\u0430\u043a\u043e\u0436 \u0432\u0456\u0434\u043a\u0440\u0438\u0432 \u0442\u0438\u043c\u0447\u0430\u0441\u043e\u0432\u0438\u0439 \u043c\u0430\u0433\u0430\u0437\u0438\u043d \u043e\u0434\u044f\u0433\u0443 \u0437 \u043f\u0440\u0438\u0432\u0430\u0442\u043d\u043e\u0457 \u0456\u043d\u0456\u0446\u0456\u0430\u0442\u0438\u0432\u0438. \u042f\u043a\u0449\u043e \u0432\u0438 \u0437\u0430\u0446\u0456\u043a\u0430\u0432\u043b\u0435\u043d\u0456, \u043f\u0440\u043e\u0441\u0442\u043e \u043d\u0430\u0434\u0456\u0448\u043b\u0456\u0442\u044c \u0435\u043b\u0435\u043a\u0442\u0440\u043e\u043d\u043d\u0438\u0439 \u043b\u0438\u0441\u0442 \u043d\u0430 \u0430\u0434\u0440\u0435\u0441\u0443 <a href=\"mailto:info@doerverden-hilft.de\">info@doerverden-hilft.de<\/a>\u0456 \u043c\u0438 \u043f\u0435\u0440\u0435\u0434\u0430\u043c\u043e \u043d\u043e\u043c\u0435\u0440 \u0442\u0435\u043b\u0435\u0444\u043e\u043d\u0443 \u043e\u0440\u0433\u0430\u043d\u0456\u0437\u0430\u0442\u043e\u0440\u0430 (\u0432\u043e\u043d\u0430 \u0440\u043e\u0437\u043c\u043e\u0432\u043b\u044f\u0454 \u0440\u043e\u0441\u0456\u0439\u0441\u044c\u043a\u043e\u044e),<br>\u0430\u0431\u043e \u043f\u043e\u0433\u043e\u0432\u043e\u0440\u0456\u0442\u044c \u0437 \u043d\u0430\u043c\u0438 \u0431\u0435\u0437\u043f\u043e\u0441\u0435\u0440\u0435\u0434\u043d\u044c\u043e \u0432 \u043a\u0430\u0444\u0435 \u0434\u043b\u044f \u0437\u0443\u0441\u0442\u0440\u0456\u0447\u0435\u0439.<\/p>\n\n\n\n<p><a href=\"#oben\">\u0414\u043e\u0433\u043e\u0440\u0438<\/a><\/p>\n\n\n\n<h2 class=\"wp-block-heading\" id=\"schulranzen\">\u041d\u043e\u0432\u0456 \u0440\u0430\u043d\u0446\u0456 \u0434\u043b\u044f \u0448\u043a\u043e\u043b\u0438<\/h2>\n\n\n\n<p>\u0411\u0456\u0436\u0435\u043d\u0446\u0456 \u043c\u043e\u0436\u0443\u0442\u044c \u0442\u0430\u043a\u043e\u0436 \u0431\u0435\u0437 \u043e\u0441\u043a\u043b\u0430\u0434\u043d\u0435\u043d\u044c \u0456 \u0431\u0435\u0437\u043a\u043e\u0448\u0442\u043e\u0432\u043d\u043e \u043e\u0442\u0440\u0438\u043c\u0430\u0442\u0438 \u0440\u0430\u043d\u0446\u0456 \u0434\u043b\u044f \u0448\u043a\u043e\u043b\u0438 \u0432 \u0430\u0441\u043e\u0446\u0456\u0430\u0446\u0456\u0457 \u00abHafens\u00e4nger und Puffmusiker e.V\u00bb. \u041f\u0440\u043e\u0441\u0442\u043e \u043d\u0430\u0434\u0456\u0448\u043b\u0456\u0442\u044c \u0435\u043b\u0435\u043a\u0442\u0440\u043e\u043d\u043d\u0438\u0439 \u043b\u0438\u0441\u0442 \u043d\u0430 \u0430\u0434\u0440\u0435\u0441\u0443: <a href=\"mailto:info@hup-verein.de\">info@hup-verein.de<\/a> (\u0431\u0443\u0434\u044c \u043b\u0430\u0441\u043a\u0430, \u0432\u043a\u0430\u0436\u0456\u0442\u044c \u0442\u0430\u043a\u0443 \u0456\u043d\u0444\u043e\u0440\u043c\u0430\u0446\u0456\u044e: \u0440\u0456\u0432\u0435\u043d\u044c \u043a\u043b\u0430\u0441\u0443, \u0441\u0442\u0430\u0442\u044c \u0442\u0430 \u0430\u0434\u0440\u0435\u0441\u0430 \u0434\u0438\u0442\u0438\u043d\u0438, \u043a\u043e\u043d\u0442\u0430\u043a\u0442\u043d\u0438\u0439 \u043d\u043e\u043c\u0435\u0440 \u0442\u0435\u043b\u0435\u0444\u043e\u043d\u0443.)<\/p>\n\n\n\n<p><a href=\"#oben\">\u0414\u043e\u0433\u043e\u0440\u0438<\/a><\/p>\n\n\n\n<h2 class=\"wp-block-heading\" id=\"obst-gemuese\">\u0424\u0440\u0443\u043a\u0442\u0438 \u0442\u0430 \u043e\u0432\u043e\u0447\u0456 \u044f\u043a \u0431\u043b\u0430\u0433\u043e\u0447\u0438\u043d\u043d\u0456\u0441\u0442\u044c<\/h2>\n\n\n\n<p>\u0429\u043e\u043f\u2019\u044f\u0442\u043d\u0438\u0446\u0456 \u0432\u0440\u0430\u043d\u0446\u0456 \u00abGem\u00fcseabo GmbH\u00bb \u043d\u0430\u0434\u0430\u0454 \u0441\u0432\u0456\u0436\u0456 \u0444\u0440\u0443\u043a\u0442\u0438 \u0442\u0430 \u043e\u0432\u043e\u0447\u0456 \u0432 \u044f\u043a\u043e\u0441\u0442\u0456 \u043f\u043e\u0436\u0435\u0440\u0442\u0432\u0438 \u0437 \u043e\u0440\u0433\u0430\u043d\u0456\u0447\u043d\u043e\u0433\u043e\/\u0435\u043a\u043e\u043b\u043e\u0433\u0456\u0447\u043d\u043e\u0433\u043e \u0432\u0438\u0440\u043e\u0449\u0443\u0432\u0430\u043d\u043d\u044f. \u0419\u043e\u0433\u043e \u043c\u043e\u0436\u043d\u0430 \u0437\u0430\u0431\u0440\u0430\u0442\u0438 \u0432 \u043e\u0431\u0443\u043c\u043e\u0432\u043b\u0435\u043d\u0438\u0439 \u0447\u0430\u0441 (\u0437 8:00 \u0434\u043e 12:00).<br>\u042f\u043a\u0449\u043e \u0432\u0438 \u0431\u0430\u0436\u0430\u0454\u0442\u0435 \u0441\u043a\u043e\u0440\u0438\u0441\u0442\u0430\u0442\u0438\u0441\u044f \u0446\u0438\u043c, \u0431\u0443\u0434\u044c \u043b\u0430\u0441\u043a\u0430, \u0437\u0432\u2019\u044f\u0436\u0456\u0442\u044c\u0441\u044f \u0437 \u043d\u0430\u043c\u0438 \u043f\u043e \u0442\u0435\u043b\u0435\u0444\u043e\u043d\u0443 \u0430\u0431\u043e \u0435\u043b\u0435\u043a\u0442\u0440\u043e\u043d\u043d\u043e\u044e \u043f\u043e\u0448\u0442\u043e\u044e \u043d\u0435 \u043f\u0456\u0437\u043d\u0456\u0448\u0435 12:00 \u0443 \u0447\u0435\u0442\u0432\u0435\u0440\u0433: <a href=\"mailto:info@gemueseabo.com\">info@gemueseabo.com<\/a> \u0422\u0435\u043b\u0435\u0444\u043e\u043d: <a href=\"tel:042349425790\u200b\u200b\u200b\u200b\u200b\u200b\u200b\">04234 942 579 0\u200b\u200b\u200b\u200b\u200b\u200b\u200b<\/a><br>Abhol-Adresse ist: <a href=\"https:\/\/goo.gl\/maps\/nefcJYGfmGf2NWDR7\" data-type=\"URL\" data-id=\"https:\/\/goo.gl\/maps\/nefcJYGfmGf2NWDR7\" target=\"_blank\" rel=\"noreferrer noopener\">Brocksfeld 7, 27313 D\u00f6rverden<\/a><br>(\u200b\u200b\u200b\u041f\u0440\u043e\u043f\u043e\u0437\u0438\u0446\u0456\u044f \u0434\u0456\u0454 \u043b\u0438\u0448\u0435 \u0434\u043b\u044f \u043c\u0443\u043d\u0456\u0446\u0438\u043f\u0430\u043b\u0456\u0442\u0435\u0442\u0443 D\u00f6rverden)<\/p>\n\n\n\n<p><a href=\"#oben\">\u0414\u043e\u0433\u043e\u0440\u0438<\/a><\/p>\n\n\n\n<h2 class=\"wp-block-heading\" id=\"gutscheine-lebensmittel\">\u041a\u0443\u043f\u043e\u043d\u0438 \u0434\u043b\u044f \u043f\u0440\u043e\u0434\u0443\u043a\u0442\u043e\u0432\u0438\u0445 \u043c\u0430\u0433\u0430\u0437\u0438\u043d\u0456\u0432<\/h2>\n\n\n\n<p>\u042f\u043a \u043d\u0435\u0432\u0456\u0434\u043a\u043b\u0430\u0434\u043d\u0443 \u0434\u043e\u043f\u043e\u043c\u043e\u0433\u0443, \u0430\u0441\u043e\u0446\u0456\u0430\u0446\u0456\u044f Hafens\u00e4nger und Puffmusiker e.V. (H&amp;P) \u0442\u0430\u043a\u043e\u0436 \u043f\u0440\u043e\u043f\u043e\u043d\u0443\u0454 \u0432\u0430\u0443\u0447\u0435\u0440\u0438 \u0434\u043b\u044f \u043f\u0440\u043e\u0434\u0443\u043a\u0442\u043e\u0432\u0438\u0445 \u043c\u0430\u0433\u0430\u0437\u0438\u043d\u0456\u0432, \u0449\u043e\u0431 \u043f\u043e\u0434\u043e\u043b\u0430\u0442\u0438 \u0447\u0430\u0441 \u0434\u043e \u0432\u0438\u043f\u043b\u0430\u0442\u0438 \u0434\u0435\u0440\u0436\u0430\u0432\u043d\u043e\u0457 \u0434\u043e\u043f\u043e\u043c\u043e\u0433\u0438.<br>\u0412\u0430\u0440\u0442\u0456\u0441\u0442\u044c \u0432\u0430\u0443\u0447\u0435\u0440\u0430 \u0441\u0442\u0430\u043d\u043e\u0432\u0438\u0442\u044c 50 \u0454\u0432\u0440\u043e \u043d\u0430 \u0441\u0456\u043c\u2019\u044e (\u0430\u0431\u043e \u0431\u0456\u043b\u044c\u0448\u0435, \u0437\u0430\u043b\u0435\u0436\u043d\u043e \u0432\u0456\u0434 \u043a\u0456\u043b\u044c\u043a\u043e\u0441\u0442\u0456 \u043b\u044e\u0434\u0435\u0439).<br>\u0410\u0441\u043e\u0446\u0456\u0430\u0446\u0456\u044f H&amp;P \u0442\u0430\u043a\u043e\u0436 \u0432\u0438\u0434\u0430\u0454 \u0432\u0430\u0443\u0447\u0435\u0440\u0438 \u043d\u0430 \u043f\u043e\u043a\u0443\u043f\u043a\u0443 \u043d\u043e\u0432\u043e\u0457 \u0431\u0456\u043b\u0438\u0437\u043d\u0438 (20 \u0454\u0432\u0440\u043e \u043d\u0430 \u043b\u044e\u0434\u0438\u043d\u0443). \u0410\u0441\u043e\u0446\u0456\u0430\u0446\u0456\u044f \u043a\u0443\u043f\u0443\u0454 \u0432\u0430\u0443\u0447\u0435\u0440\u0438 \u0443 \u043c\u0430\u0433\u0430\u0437\u0438\u043d\u0430\u0445 \u0432 \u043e\u043a\u0440\u0443\u0437\u0456 \u0456 \u0440\u043e\u0437\u0434\u0430\u0454 \u0457\u0445 \u0431\u0456\u0436\u0435\u043d\u0446\u044f\u043c \u0434\u043b\u044f \u0432\u0438\u043a\u043e\u0440\u0438\u0441\u0442\u0430\u043d\u043d\u044f.<br>\u041f\u0440\u043e\u0441\u0442\u043e \u0437\u0430\u0442\u0435\u043b\u0435\u0444\u043e\u043d\u0443\u0439\u0442\u0435 \u0432 \u0430\u0441\u043e\u0446\u0456\u0430\u0446\u0456\u044e H&amp;P: <a href=\"tel:04239942456\">04239 942 456<\/a>, \u0446\u0435 \u0448\u0432\u0438\u0434\u043a\u043e \u0442\u0430 \u043b\u0435\u0433\u043a\u043e (\u0432\u0430\u0443\u0447\u0435\u0440\u0438 \u043c\u043e\u0436\u043d\u0430 \u0437\u0430\u0431\u0440\u0430\u0442\u0438, \u0430 \u0456\u043d\u043e\u0434\u0456 \u0442\u0430\u043a\u043e\u0436 \u043f\u0440\u0438\u043d\u0435\u0441\u0442\u0438).<br>\u0422\u0430\u043a\u043e\u0436 \u043c\u043e\u0436\u043d\u0430 \u0441\u043f\u043e\u0447\u0430\u0442\u043a\u0443 \u043f\u0440\u0438\u0434\u0431\u0430\u0442\u0438 \u043d\u0430\u0439\u043d\u0435\u043e\u0431\u0445\u0456\u0434\u043d\u0456\u0448\u0435 \u0442\u0430 \u043e\u0442\u0440\u0438\u043c\u0430\u0442\u0438 \u0432\u0456\u0434\u0448\u043a\u043e\u0434\u0443\u0432\u0430\u043d\u043d\u044f \u0432\u0438\u0442\u0440\u0430\u0442 (\u0434\u043e \u0441\u0443\u043c\u0438 \u0432\u0430\u0443\u0447\u0435\u0440\u0456\u0432) \u043f\u0456\u0441\u043b\u044f \u043f\u0440\u0435\u0434\u2019\u044f\u0432\u043b\u0435\u043d\u043d\u044f \u0447\u0435\u043a\u0456\u0432.<\/p>\n\n\n\n<p><a href=\"#oben\">\u0414\u043e\u0433\u043e\u0440\u0438<\/a><\/p>\n\n\n\n<h2 class=\"wp-block-heading\" id=\"simkarten\">\u0411\u0435\u0437\u043a\u043e\u0448\u0442\u043e\u0432\u043d\u0456 SIM-\u043a\u0430\u0440\u0442\u0438<\/h2>\n\n\n\n<p>\u0411\u0435\u0437\u043a\u043e\u0448\u0442\u043e\u0432\u043d\u0456 SIM-\u043a\u0430\u0440\u0442\u0438 (\u043f\u043b\u0430\u0442\u0430 \u0437\u0430 \u0406\u043d\u0442\u0435\u0440\u043d\u0435\u0442 \u0456 \u0442\u0435\u043b\u0435\u0444\u043e\u043d \u0423\u043a\u0440\u0430\u0457\u043d\u0430 \/ \u041d\u0456\u043c\u0435\u0447\u0447\u0438\u043d\u0430) \u0412\u0438 \u043c\u043e\u0436\u0435\u0442\u0435 \u043e\u0442\u0440\u0438\u043c\u0430\u0442\u0438 \u0431\u0435\u0437\u043a\u043e\u0448\u0442\u043e\u0432\u043d\u0456 SIM-\u043a\u0430\u0440\u0442\u0438 \u0432 Telekom Shop \u0443 \u0411\u0440\u0435\u043c\u0435\u043d\u0456 \u0430\u0431\u043e \u0413\u0430\u043d\u043d\u043e\u0432\u0435\u0440\u0456. \u0412\u0438 \u043f\u043e\u0432\u0438\u043d\u043d\u0456 \u0431\u0443\u0442\u0438 \u0442\u0430\u043c \u043e\u0441\u043e\u0431\u0438\u0441\u0442\u043e \u0456 \u043c\u0430\u0442\u0438 \u043f\u0440\u0438 \u0441\u043e\u0431\u0456 \u043f\u0430\u0441\u043f\u043e\u0440\u0442. \u0412\u0438 \u043e\u0442\u0440\u0438\u043c\u0443\u0454\u0442\u0435 1 SIM-\u043a\u0430\u0440\u0442\u0443 \u043d\u0430 \u0441\u0456\u043c'\u044e. \u041e\u0444\u0456\u0441 Telekom \u0411\u0440\u0435\u043c\u0435\u043d: <a href=\"https:\/\/goo.gl\/maps\/JoHzkEo44GpzAViJ8\" data-type=\"URL\" data-id=\"https:\/\/goo.gl\/maps\/JoHzkEo44GpzAViJ8\" target=\"_blank\" rel=\"noreferrer noopener\">Eduard-Schopf-Allee 1<\/a> \u0413\u0440\u0430\u0444\u0456\u043a \u0440\u043e\u0431\u043e\u0442\u0438: \u043f\u043d.-\u043f\u0442. 10:00 \u2013 18:00 \u0421\u0431 10:00 \u2013 16:00<\/p>\n\n\n\n<p><a href=\"#oben\">\u0414\u043e\u0433\u043e\u0440\u0438<\/a><\/p>","protected":false},"excerpt":{"rendered":"<p>Auf diesen Seiten finden Sie Initiativen f\u00fcr Gefl\u00fcchtete in D\u00f6rverden und Informationen wie Sie sich einbringen k\u00f6nnen. F\u00fcr Fragen schreiben Sie uns gerne unter info@doerverden-hilft.de. Inhalt Begegnungs-Caf\u00e9s in Westen Sprachcaf\u00e9s: Deutschlernen f\u00fcr alleKinder-Kleidung und SpielsachenErwachsenen-KleidungSchulranzenObst und Gem\u00fcse als SpendeGutscheine f\u00fcr Lebensmittel-L\u00e4denKostenlose SIM-Karten Begegnungs-Caf\u00e9s in Westen Zur Zeit finden keine Begegnungs-Caf\u00e9s mehr statt. Zur\u00fcck nach oben [&hellip;]<\/p>\n","protected":false},"author":1,"featured_media":0,"parent":0,"menu_order":0,"comment_status":"closed","ping_status":"closed","template":"","meta":{"footnotes":""},"class_list":["post-82","page","type-page","status-publish","hentry"],"_links":{"self":[{"href":"https:\/\/doerverden-hilft.de\/uk\/wp-json\/wp\/v2\/pages\/82","targetHints":{"allow":["GET"]}}],"collection":[{"href":"https:\/\/doerverden-hilft.de\/uk\/wp-json\/wp\/v2\/pages"}],"about":[{"href":"https:\/\/doerverden-hilft.de\/uk\/wp-json\/wp\/v2\/types\/page"}],"author":[{"embeddable":true,"href":"https:\/\/doerverden-hilft.de\/uk\/wp-json\/wp\/v2\/users\/1"}],"replies":[{"embeddable":true,"href":"https:\/\/doerverden-hilft.de\/uk\/wp-json\/wp\/v2\/comments?post=82"}],"version-history":[{"count":28,"href":"https:\/\/doerverden-hilft.de\/uk\/wp-json\/wp\/v2\/pages\/82\/revisions"}],"predecessor-version":[{"id":191,"href":"https:\/\/doerverden-hilft.de\/uk\/wp-json\/wp\/v2\/pages\/82\/revisions\/191"}],"wp:attachment":[{"href":"https:\/\/doerverden-hilft.de\/uk\/wp-json\/wp\/v2\/media?parent=82"}],"curies":[{"name":"wp","href":"https:\/\/api.w.org\/{rel}","templated":true}]}}