{"id":11,"date":"2020-04-24T10:17:58","date_gmt":"2020-04-24T08:17:58","guid":{"rendered":"http:\/\/doerverden-hilft.de\/?page_id=11"},"modified":"2020-05-08T11:18:55","modified_gmt":"2020-05-08T09:18:55","slug":"spenden","status":"publish","type":"page","link":"https:\/\/doerverden-hilft.de\/uk\/spenden\/","title":{"rendered":"\u041f\u043e\u0436\u0435\u0440\u0442\u0432\u0443\u0439\u0442\u0435"},"content":{"rendered":"<p>\u0414\u044f\u043a\u0443\u0454\u043c\u043e \u0437\u0430 \u0437\u0430\u0446\u0456\u043a\u0430\u0432\u043b\u0435\u043d\u0456\u0441\u0442\u044c \u0443 \u043f\u0456\u0434\u0442\u0440\u0438\u043c\u0446\u0456 \u043c\u0435\u0440\u0435\u0436\u0456 D\u00f6rverden \u0456, \u0442\u0430\u043a\u0438\u043c \u0447\u0438\u043d\u043e\u043c, \u0440\u043e\u0431\u0438\u0442\u0435 \u043e\u0441\u043e\u0431\u0438\u0441\u0442\u0438\u0439 \u0432\u043d\u0435\u0441\u043e\u043a \u0443 \u0434\u043e\u043f\u043e\u043c\u043e\u0433\u0443 \u0442\u0438\u043c, \u0445\u0442\u043e \u0457\u0457 \u043f\u043e\u0442\u0440\u0435\u0431\u0443\u0454.<\/p>\n\n\n\n<ul class=\"wp-block-list\"><li>\u043f\u043e\u0436\u0435\u0440\u0442\u0432\u0443\u0432\u0430\u043d\u043d\u044f \u0447\u0430\u0441\u0443<\/li><li>\u0444\u0456\u043d\u0430\u043d\u0441\u043e\u0432\u0456 \u043f\u043e\u0436\u0435\u0440\u0442\u0432\u0443\u0432\u0430\u043d\u043d\u044f<\/li><li>\u043f\u043e\u0436\u0435\u0440\u0442\u0432\u0443\u0432\u0430\u043d\u043d\u044f \u0432 \u043d\u0430\u0442\u0443\u0440\u0430\u043b\u044c\u043d\u0456\u0439 \u0444\u043e\u0440\u043c\u0456<\/li><\/ul>","protected":false},"excerpt":{"rendered":"<p>Danke f\u00fcr dein Interesse das Netzwerk D\u00f6rverden hilft zu unterst\u00fctzen und somit einen pers\u00f6nlichen Breitrag f\u00fcr die Unterst\u00fctzung Bed\u00fcrftiger zu leisten. Zeitspenden Finanzspenden Sachspenden<\/p>","protected":false},"author":1,"featured_media":0,"parent":0,"menu_order":0,"comment_status":"closed","ping_status":"closed","template":"","meta":{"footnotes":""},"class_list":["post-11","page","type-page","status-publish","hentry"],"_links":{"self":[{"href":"https:\/\/doerverden-hilft.de\/uk\/wp-json\/wp\/v2\/pages\/11","targetHints":{"allow":["GET"]}}],"collection":[{"href":"https:\/\/doerverden-hilft.de\/uk\/wp-json\/wp\/v2\/pages"}],"about":[{"href":"https:\/\/doerverden-hilft.de\/uk\/wp-json\/wp\/v2\/types\/page"}],"author":[{"embeddable":true,"href":"https:\/\/doerverden-hilft.de\/uk\/wp-json\/wp\/v2\/users\/1"}],"replies":[{"embeddable":true,"href":"https:\/\/doerverden-hilft.de\/uk\/wp-json\/wp\/v2\/comments?post=11"}],"version-history":[{"count":5,"href":"https:\/\/doerverden-hilft.de\/uk\/wp-json\/wp\/v2\/pages\/11\/revisions"}],"predecessor-version":[{"id":70,"href":"https:\/\/doerverden-hilft.de\/uk\/wp-json\/wp\/v2\/pages\/11\/revisions\/70"}],"wp:attachment":[{"href":"https:\/\/doerverden-hilft.de\/uk\/wp-json\/wp\/v2\/media?parent=11"}],"curies":[{"name":"wp","href":"https:\/\/api.w.org\/{rel}","templated":true}]}}