{"id":47,"date":"2020-04-24T14:31:44","date_gmt":"2020-04-24T12:31:44","guid":{"rendered":"https:\/\/doerverden-hilft.de\/?page_id=47"},"modified":"2022-04-04T17:33:51","modified_gmt":"2022-04-04T15:33:51","slug":"partner","status":"publish","type":"page","link":"https:\/\/doerverden-hilft.de\/en\/partner\/","title":{"rendered":"Partners"},"content":{"rendered":"<p>We would like to thank the many volunteers and the following companies for their help:<\/p>\n\n\n\n<p><a href=\"http:\/\/www.diekleinemalerin.de\/\" target=\"_blank\" rel=\"noreferrer noopener\">The Little Painter<\/a><\/p>\n\n\n\n<p><a rel=\"noreferrer noopener\" href=\"https:\/\/madb.pitmodule.de\/ff\/verden\/gs\/show\/1396\/\" target=\"_blank\">Sparkasse Verden branch office D\u00f6rverden<\/a><\/p>\n\n\n\n<p><a rel=\"noreferrer noopener\" href=\"https:\/\/www.edeka.de\/eh\/minden-hannover\/edeka-meyer-gro%C3%9Fe-str.-37\/index.jsp\" target=\"_blank\">EDEKA Meyer D\u00f6rverden<\/a><\/p>\n\n\n\n<p><a href=\"https:\/\/einickedigital.com\" data-type=\"URL\" data-id=\"https:\/\/einickedigital.com\" target=\"_blank\" rel=\"noreferrer noopener\">einickedigital.com \u2013 Freelancer for Content Marketing<\/a><\/p>","protected":false},"excerpt":{"rendered":"<p>Wir danken den zahlreichen freiwilligen Helfern und den folgenden Unternehmen f\u00fcr die geleistete Hilfe: Die kleine Malerin Sparkasse Verden Gesch\u00e4ftsstelle D\u00f6rverden EDEKA Meyer D\u00f6rverden einickedigital.com &#8211; Freelancer f\u00fcr Content Marketing<\/p>","protected":false},"author":1,"featured_media":0,"parent":0,"menu_order":0,"comment_status":"closed","ping_status":"closed","template":"","meta":{"footnotes":""},"class_list":["post-47","page","type-page","status-publish","hentry"],"_links":{"self":[{"href":"https:\/\/doerverden-hilft.de\/en\/wp-json\/wp\/v2\/pages\/47","targetHints":{"allow":["GET"]}}],"collection":[{"href":"https:\/\/doerverden-hilft.de\/en\/wp-json\/wp\/v2\/pages"}],"about":[{"href":"https:\/\/doerverden-hilft.de\/en\/wp-json\/wp\/v2\/types\/page"}],"author":[{"embeddable":true,"href":"https:\/\/doerverden-hilft.de\/en\/wp-json\/wp\/v2\/users\/1"}],"replies":[{"embeddable":true,"href":"https:\/\/doerverden-hilft.de\/en\/wp-json\/wp\/v2\/comments?post=47"}],"version-history":[{"count":5,"href":"https:\/\/doerverden-hilft.de\/en\/wp-json\/wp\/v2\/pages\/47\/revisions"}],"predecessor-version":[{"id":103,"href":"https:\/\/doerverden-hilft.de\/en\/wp-json\/wp\/v2\/pages\/47\/revisions\/103"}],"wp:attachment":[{"href":"https:\/\/doerverden-hilft.de\/en\/wp-json\/wp\/v2\/media?parent=47"}],"curies":[{"name":"wp","href":"https:\/\/api.w.org\/{rel}","templated":true}]}}