{"id":25,"date":"2020-04-24T10:40:50","date_gmt":"2020-04-24T08:40:50","guid":{"rendered":"http:\/\/doerverden-hilft.de\/?page_id=25"},"modified":"2022-04-22T08:52:22","modified_gmt":"2022-04-22T06:52:22","slug":"ueber-uns","status":"publish","type":"page","link":"https:\/\/doerverden-hilft.de\/en\/ueber-uns\/","title":{"rendered":"About us"},"content":{"rendered":"<p class=\"has-large-font-size\">Our goal is to build a strong network to help those in need in the D\u00f6rverden region.<\/p>\n\n\n\n<p>We are a cross-party broad community of church congregations, local leaders and associations. <\/p>\n\n\n\n<p>We work in close coordination with our mayor Alexander von Seggern. V.i.S.d.P. Rolf G\u00f6rnand.<\/p>","protected":false},"excerpt":{"rendered":"<p>Unser Ziel ist ein starkes Netzwerk f\u00fcr die Hilfe Bed\u00fcrftiger in der Region D\u00f6rverden. Wir sind eine partei\u00fcbergreifende breite Gemeinschaft aus Kirchengemeinden, Ortsvorstehern und Vereinen. Wir arbeiten in enger Abstimmung mit unserem B\u00fcrgermeister Alexander von Seggern. V.i.S.d.P. Rolf G\u00f6rnand.<\/p>","protected":false},"author":1,"featured_media":0,"parent":0,"menu_order":0,"comment_status":"closed","ping_status":"closed","template":"","meta":{"footnotes":""},"class_list":["post-25","page","type-page","status-publish","hentry"],"_links":{"self":[{"href":"https:\/\/doerverden-hilft.de\/en\/wp-json\/wp\/v2\/pages\/25","targetHints":{"allow":["GET"]}}],"collection":[{"href":"https:\/\/doerverden-hilft.de\/en\/wp-json\/wp\/v2\/pages"}],"about":[{"href":"https:\/\/doerverden-hilft.de\/en\/wp-json\/wp\/v2\/types\/page"}],"author":[{"embeddable":true,"href":"https:\/\/doerverden-hilft.de\/en\/wp-json\/wp\/v2\/users\/1"}],"replies":[{"embeddable":true,"href":"https:\/\/doerverden-hilft.de\/en\/wp-json\/wp\/v2\/comments?post=25"}],"version-history":[{"count":5,"href":"https:\/\/doerverden-hilft.de\/en\/wp-json\/wp\/v2\/pages\/25\/revisions"}],"predecessor-version":[{"id":130,"href":"https:\/\/doerverden-hilft.de\/en\/wp-json\/wp\/v2\/pages\/25\/revisions\/130"}],"wp:attachment":[{"href":"https:\/\/doerverden-hilft.de\/en\/wp-json\/wp\/v2\/media?parent=25"}],"curies":[{"name":"wp","href":"https:\/\/api.w.org\/{rel}","templated":true}]}}