{"id":165,"date":"2022-05-23T19:17:46","date_gmt":"2022-05-23T17:17:46","guid":{"rendered":"https:\/\/doerverden-hilft.de\/?page_id=165"},"modified":"2022-05-23T19:23:34","modified_gmt":"2022-05-23T17:23:34","slug":"mitmachen","status":"publish","type":"page","link":"https:\/\/doerverden-hilft.de\/en\/mitmachen\/","title":{"rendered":"Join in! We are looking for people to support our network"},"content":{"rendered":"<p>You can help in various ways: for example at the weekly encounter caf\u00e9s in Westen, where refugees and locals get to know each other and network (preparing, dismantling, baking cakes) or at the language caf\u00e9s. <\/p>\n\n\n\n<p>For the informal lessons there, we are looking for people with pedagogical skills. We also need people to drive the learners from the surrounding districts to the classes and to take care of the children.<\/p>\n\n\n\n<p><br>It would be great if people would come forward to sponsor individual refugees or families. This means being available to them, helping them with their official mail or simply having tea with them.<br><\/p>\n\n\n\n<p>Feel free to write to us at <a href=\"mailto:info@doerverden-hilft.de\">info@doerverden-hilft.de<\/a> or come to the encounter caf\u00e9 on Wednesdays from 4-6 p.m. <a rel=\"noreferrer noopener\" href=\"https:\/\/goo.gl\/maps\/RY4WrB4AGLn5vNUBA\" target=\"_blank\">(Go to encounter caf\u00e9 on Google Maps)<\/a>.<\/p>","protected":false},"excerpt":{"rendered":"<p>Du kannst auf verschiedene Weisen helfen: zum Beispiel bei den w\u00f6chentlichen Begegnungscaf\u00e9s in Westen, wo sich Gefl\u00fcchtete und Einheimische kennenlernen und vernetzen (Vorbereiten, Abbauen, Kuchen backen) oder bei den Sprachcaf\u00e9s. F\u00fcr den informellen Unterricht dort suchen wir Menschen mit p\u00e4dagogische Kenntnisse. Au\u00dferdem braucht es Menschen, die die Lernenden aus den umliegenden Ortsteilen zum Unterricht fahren, [&hellip;]<\/p>\n","protected":false},"author":1,"featured_media":0,"parent":0,"menu_order":0,"comment_status":"closed","ping_status":"closed","template":"","meta":{"footnotes":""},"class_list":["post-165","page","type-page","status-publish","hentry"],"_links":{"self":[{"href":"https:\/\/doerverden-hilft.de\/en\/wp-json\/wp\/v2\/pages\/165","targetHints":{"allow":["GET"]}}],"collection":[{"href":"https:\/\/doerverden-hilft.de\/en\/wp-json\/wp\/v2\/pages"}],"about":[{"href":"https:\/\/doerverden-hilft.de\/en\/wp-json\/wp\/v2\/types\/page"}],"author":[{"embeddable":true,"href":"https:\/\/doerverden-hilft.de\/en\/wp-json\/wp\/v2\/users\/1"}],"replies":[{"embeddable":true,"href":"https:\/\/doerverden-hilft.de\/en\/wp-json\/wp\/v2\/comments?post=165"}],"version-history":[{"count":3,"href":"https:\/\/doerverden-hilft.de\/en\/wp-json\/wp\/v2\/pages\/165\/revisions"}],"predecessor-version":[{"id":170,"href":"https:\/\/doerverden-hilft.de\/en\/wp-json\/wp\/v2\/pages\/165\/revisions\/170"}],"wp:attachment":[{"href":"https:\/\/doerverden-hilft.de\/en\/wp-json\/wp\/v2\/media?parent=165"}],"curies":[{"name":"wp","href":"https:\/\/api.w.org\/{rel}","templated":true}]}}