{"id":135,"date":"2022-04-22T09:20:07","date_gmt":"2022-04-22T07:20:07","guid":{"rendered":"https:\/\/doerverden-hilft.de\/?page_id=135"},"modified":"2022-07-06T17:21:57","modified_gmt":"2022-07-06T15:21:57","slug":"behoerdenwegweiser","status":"publish","type":"page","link":"https:\/\/doerverden-hilft.de\/en\/behoerdenwegweiser\/","title":{"rendered":"Authorities guide"},"content":{"rendered":"<p>This guide supports you with important forms for download. This saves you one or the other visit to the authorities.<\/p>\n\n\n\n<p>If the PDF documents cannot be opened directly, you can use the <a rel=\"noreferrer noopener\" href=\"https:\/\/www.adobe.com\/mena_en\/acrobat\/pdf-reader.html\" data-type=\"URL\" data-id=\"https:\/\/www.adobe.com\/de\/acrobat\/pdf-reader.html\" target=\"_blank\">Download Acrobat Reader for free<\/a>.<\/p>\n\n\n\n<h2 class=\"wp-block-heading\" id=\"download-formulare\">Download Formulare<\/h2>\n\n\n\n<div class=\"wp-block-file\"><a id=\"wp-block-file--media-26bb39ec-ac8b-48b3-94fa-945ea449c3ea\" href=\"https:\/\/doerverden-hilft.de\/wp-content\/uploads\/Anmeldebogen_Grundschule_ukrainisch.pdf\">Elementary school registration form <br>(German and Ukrainian)<\/a><a href=\"https:\/\/doerverden-hilft.de\/wp-content\/uploads\/Anmeldebogen_Grundschule_ukrainisch.pdf\" class=\"wp-block-file__button\" aria-describedby=\"wp-block-file--media-26bb39ec-ac8b-48b3-94fa-945ea449c3ea\" download>Download PDF<\/a><\/div>\n\n\n\n<div class=\"wp-block-file\"><a id=\"wp-block-file--media-a33afacd-4893-449b-b123-4ff54d64de78\" href=\"https:\/\/doerverden-hilft.de\/wp-content\/uploads\/asyl_kurzantrag_ukraine_1.pdf\">Brief application for asylum <br>(German)<\/a><a href=\"https:\/\/doerverden-hilft.de\/wp-content\/uploads\/asyl_kurzantrag_ukraine_1.pdf\" class=\"wp-block-file__button\" aria-describedby=\"wp-block-file--media-a33afacd-4893-449b-b123-4ff54d64de78\" download>Download PDF<\/a><\/div>\n\n\n\n<div class=\"wp-block-file\"><a id=\"wp-block-file--media-f3c0cb34-e9f4-487c-b417-9a8efb22d07e\" href=\"https:\/\/doerverden-hilft.de\/wp-content\/uploads\/Vermieterbescheinigung.pdf\">landlord certificate <br>(German)<\/a><a href=\"https:\/\/doerverden-hilft.de\/wp-content\/uploads\/Vermieterbescheinigung.pdf\" class=\"wp-block-file__button\" aria-describedby=\"wp-block-file--media-f3c0cb34-e9f4-487c-b417-9a8efb22d07e\" download>Download PDF<\/a><\/div>\n\n\n\n<div class=\"wp-block-file\"><a id=\"wp-block-file--media-7b90c2bc-9df6-43f8-8bce-898d2b478eed\" href=\"https:\/\/doerverden-hilft.de\/wp-content\/uploads\/wohnungsgeberbestaetigung_formular.pdf\">landlord confirmation <br>(German)<\/a><a href=\"https:\/\/doerverden-hilft.de\/wp-content\/uploads\/wohnungsgeberbestaetigung_formular.pdf\" class=\"wp-block-file__button\" aria-describedby=\"wp-block-file--media-7b90c2bc-9df6-43f8-8bce-898d2b478eed\" download>Download PDF<\/a><\/div>","protected":false},"excerpt":{"rendered":"<p>Dieser Wegweiser unterst\u00fctzt Sie mit wichtigen Formularen zum Download. Damit bleibt Ihnen der ein oder andere Beh\u00f6rdengang erspart. Falls sich die PDF Dokumente nicht direkt \u00f6ffnen lassen, k\u00f6nnen Sie den Acrobat Reader kostenfrei herunterladen. Download Formulare<\/p>","protected":false},"author":1,"featured_media":0,"parent":0,"menu_order":0,"comment_status":"closed","ping_status":"closed","template":"","meta":{"footnotes":""},"class_list":["post-135","page","type-page","status-publish","hentry"],"_links":{"self":[{"href":"https:\/\/doerverden-hilft.de\/en\/wp-json\/wp\/v2\/pages\/135","targetHints":{"allow":["GET"]}}],"collection":[{"href":"https:\/\/doerverden-hilft.de\/en\/wp-json\/wp\/v2\/pages"}],"about":[{"href":"https:\/\/doerverden-hilft.de\/en\/wp-json\/wp\/v2\/types\/page"}],"author":[{"embeddable":true,"href":"https:\/\/doerverden-hilft.de\/en\/wp-json\/wp\/v2\/users\/1"}],"replies":[{"embeddable":true,"href":"https:\/\/doerverden-hilft.de\/en\/wp-json\/wp\/v2\/comments?post=135"}],"version-history":[{"count":10,"href":"https:\/\/doerverden-hilft.de\/en\/wp-json\/wp\/v2\/pages\/135\/revisions"}],"predecessor-version":[{"id":173,"href":"https:\/\/doerverden-hilft.de\/en\/wp-json\/wp\/v2\/pages\/135\/revisions\/173"}],"wp:attachment":[{"href":"https:\/\/doerverden-hilft.de\/en\/wp-json\/wp\/v2\/media?parent=135"}],"curies":[{"name":"wp","href":"https:\/\/api.w.org\/{rel}","templated":true}]}}