{"id":11,"date":"2020-04-24T10:17:58","date_gmt":"2020-04-24T08:17:58","guid":{"rendered":"http:\/\/doerverden-hilft.de\/?page_id=11"},"modified":"2020-05-08T11:18:55","modified_gmt":"2020-05-08T09:18:55","slug":"spenden","status":"publish","type":"page","link":"https:\/\/doerverden-hilft.de\/en\/spenden\/","title":{"rendered":"Donations"},"content":{"rendered":"<p>Thank you for your interest in supporting the D\u00f6rverden hilft network and making a personal contribution to helping those in need.<\/p>\n\n\n\n<ul class=\"wp-block-list\"><li>Time donations<\/li><li>Financial donations<\/li><li>Donations in kind<\/li><\/ul>","protected":false},"excerpt":{"rendered":"<p>Danke f\u00fcr dein Interesse das Netzwerk D\u00f6rverden hilft zu unterst\u00fctzen und somit einen pers\u00f6nlichen Breitrag f\u00fcr die Unterst\u00fctzung Bed\u00fcrftiger zu leisten. Zeitspenden Finanzspenden Sachspenden<\/p>","protected":false},"author":1,"featured_media":0,"parent":0,"menu_order":0,"comment_status":"closed","ping_status":"closed","template":"","meta":{"footnotes":""},"class_list":["post-11","page","type-page","status-publish","hentry"],"_links":{"self":[{"href":"https:\/\/doerverden-hilft.de\/en\/wp-json\/wp\/v2\/pages\/11","targetHints":{"allow":["GET"]}}],"collection":[{"href":"https:\/\/doerverden-hilft.de\/en\/wp-json\/wp\/v2\/pages"}],"about":[{"href":"https:\/\/doerverden-hilft.de\/en\/wp-json\/wp\/v2\/types\/page"}],"author":[{"embeddable":true,"href":"https:\/\/doerverden-hilft.de\/en\/wp-json\/wp\/v2\/users\/1"}],"replies":[{"embeddable":true,"href":"https:\/\/doerverden-hilft.de\/en\/wp-json\/wp\/v2\/comments?post=11"}],"version-history":[{"count":5,"href":"https:\/\/doerverden-hilft.de\/en\/wp-json\/wp\/v2\/pages\/11\/revisions"}],"predecessor-version":[{"id":70,"href":"https:\/\/doerverden-hilft.de\/en\/wp-json\/wp\/v2\/pages\/11\/revisions\/70"}],"wp:attachment":[{"href":"https:\/\/doerverden-hilft.de\/en\/wp-json\/wp\/v2\/media?parent=11"}],"curies":[{"name":"wp","href":"https:\/\/api.w.org\/{rel}","templated":true}]}}