{"id":108,"date":"2022-04-06T08:38:54","date_gmt":"2022-04-06T06:38:54","guid":{"rendered":"https:\/\/doerverden-hilft.de\/?page_id=108"},"modified":"2022-04-19T12:34:11","modified_gmt":"2022-04-19T10:34:11","slug":"kontakt","status":"publish","type":"page","link":"https:\/\/doerverden-hilft.de\/en\/kontakt\/","title":{"rendered":"Contact"},"content":{"rendered":"<p>Phone: <a href=\"tel:00494234942151\" data-type=\"tel\" data-id=\"tel:00494234942151\">04234 942 151<\/a><br>E-Mail <a href=\"mailto:info@doerverden-hilft.de\">info@doerverden-hilft.de<\/a><\/p>\n\n\n\n<p>Address:<br>Netzwerk Gefl\u00fcchteten-Hilfe D\u00f6rverden<br>Kirchstra\u00dfe 15<br>27313 D\u00f6rverden<\/p>\n\n\n\n<h3 class=\"wp-block-heading\">Represented by<\/h3>\n\n\n\n<p>Rolf G\u00f6rnandt V.i.S.d.P.<\/p>","protected":false},"excerpt":{"rendered":"<p>Telefon: 04234 942 151E-Mail: info@doerverden-hilft.de Adresse:Netzwerk Gefl\u00fcchteten-Hilfe D\u00f6rverdenKirchstra\u00dfe 1527313 D\u00f6rverden Vertreten durch: Rolf G\u00f6rnandt V.i.S.d.P.<\/p>","protected":false},"author":1,"featured_media":0,"parent":0,"menu_order":0,"comment_status":"closed","ping_status":"closed","template":"","meta":{"footnotes":""},"class_list":["post-108","page","type-page","status-publish","hentry"],"_links":{"self":[{"href":"https:\/\/doerverden-hilft.de\/en\/wp-json\/wp\/v2\/pages\/108","targetHints":{"allow":["GET"]}}],"collection":[{"href":"https:\/\/doerverden-hilft.de\/en\/wp-json\/wp\/v2\/pages"}],"about":[{"href":"https:\/\/doerverden-hilft.de\/en\/wp-json\/wp\/v2\/types\/page"}],"author":[{"embeddable":true,"href":"https:\/\/doerverden-hilft.de\/en\/wp-json\/wp\/v2\/users\/1"}],"replies":[{"embeddable":true,"href":"https:\/\/doerverden-hilft.de\/en\/wp-json\/wp\/v2\/comments?post=108"}],"version-history":[{"count":2,"href":"https:\/\/doerverden-hilft.de\/en\/wp-json\/wp\/v2\/pages\/108\/revisions"}],"predecessor-version":[{"id":127,"href":"https:\/\/doerverden-hilft.de\/en\/wp-json\/wp\/v2\/pages\/108\/revisions\/127"}],"wp:attachment":[{"href":"https:\/\/doerverden-hilft.de\/en\/wp-json\/wp\/v2\/media?parent=108"}],"curies":[{"name":"wp","href":"https:\/\/api.w.org\/{rel}","templated":true}]}}